{"id":914,"date":"2025-08-26T14:20:38","date_gmt":"2025-08-26T12:20:38","guid":{"rendered":"https:\/\/klenart.click.si\/?post_type=product&#038;p=914"},"modified":"2025-08-26T14:21:24","modified_gmt":"2025-08-26T12:21:24","slug":"modri-pinot","status":"publish","type":"product","link":"https:\/\/klenart.click.si\/it\/prodotto\/modri-pinot\/","title":{"rendered":"Pinot Nero"},"content":{"rendered":"<div class=\"wpb_text_column wpb_content_element\">\n<div class=\"wpb_wrapper\">\n<div class=\"wpb_text_column wpb_content_element\">\n<div class=\"wpb_wrapper\">\n<p>Elegante vino rosso secco caratterizzato da un delicato color mattone, dal sapore che non si scorda facilmente. A momenti si fa scoprire particolarmente fruttato, richiamando il sapore delle ciliegie, poi lascia il passo alle more di gelso, ai pomodori maturi, alle spezie come il rosmarino e la casella, per chiudere con il fine profumo fiorito di rose e violette. Il sapore, seppur fresco e fruttato, ha una testura severa e un retrogusto lungo e delicato. I tannini si presentano setati, vellutati e persistenti. Il consumo contenuto ha effetti benefici sulla salute.<\/p>\n<\/div>\n<\/div>\n<div class=\"separator  transparent\"><\/div>\n<div class=\"wpb_text_column wpb_content_element\">\n<div class=\"wpb_wrapper\">\n<p><em><b>UVE: \u00a0<\/b><\/em><em>Pinot nero 100%. Coltivazione a uno sperone.<\/em><\/p>\n<p><em><b>VENDEMMIA:<\/b>\u00a0 Fine agosto<\/em><\/p>\n<p><em><b>VINIFICAZIONE:\u00a0<\/b><\/em><em>Fermentazione in vinificatori , 15 giorni a contatto con le bucce. 24 mesi di maturazione in botti di legno fino all\u2019imbottigliamento.<\/em><\/p>\n<p><em><b>ABBINAMENTI:\u00a0<\/b><\/em><em>Con la sua raffinatezza completa piatti semplici con carne di manzo peparata nei modi pi\u00f9 svariati, ma anche pollo e piati a base di funghi. Eccellente con il pesce alla griglia o con i formaggi. Da usare anche nella preparazione di sughi e salse.<\/em><\/p>\n<p><em><b>SERVIRE A TEMPERATURA:\u00a0\u00a0<\/b>16-18\u00b0C<\/em><\/p>\n<p><b>Vino DOC, 750 ml<\/b><\/p>\n<\/div>\n<\/div>\n<\/div>\n<\/div>","protected":false},"excerpt":{"rendered":"<p>Elegantno suho rde\u010de vino, ki ga odlikuje ne\u017ena ope\u010danto rde\u010da barva. Vino naredi mo\u010dan vtis v okusu in spominu. Vino je v nekem trenutku zelo sadno, okus spominja na \u010de\u0161nje, nato zaznamo murvo in zrel paradi\u017enik ter nekatere za\u010dimbe, npr. ro\u017emarin in cimet, v ozadju pa cvetli\u010dne vonje vrtnice in vijolice. V okusu je s [&hellip;]<\/p>","protected":false},"featured_media":915,"template":"","meta":{"_acf_changed":false,"inline_featured_image":false},"product_brand":[],"product_cat":[20],"product_tag":[],"class_list":{"0":"post-914","1":"product","2":"type-product","3":"status-publish","4":"has-post-thumbnail","6":"product_cat-klasicna-ponudba","8":"first","9":"instock","10":"taxable","11":"shipping-taxable","12":"purchasable","13":"product-type-simple"},"acf":[],"_links":{"self":[{"href":"https:\/\/klenart.click.si\/it\/wp-json\/wp\/v2\/product\/914","targetHints":{"allow":["GET"]}}],"collection":[{"href":"https:\/\/klenart.click.si\/it\/wp-json\/wp\/v2\/product"}],"about":[{"href":"https:\/\/klenart.click.si\/it\/wp-json\/wp\/v2\/types\/product"}],"wp:featuredmedia":[{"embeddable":true,"href":"https:\/\/klenart.click.si\/it\/wp-json\/wp\/v2\/media\/915"}],"wp:attachment":[{"href":"https:\/\/klenart.click.si\/it\/wp-json\/wp\/v2\/media?parent=914"}],"wp:term":[{"taxonomy":"product_brand","embeddable":true,"href":"https:\/\/klenart.click.si\/it\/wp-json\/wp\/v2\/product_brand?post=914"},{"taxonomy":"product_cat","embeddable":true,"href":"https:\/\/klenart.click.si\/it\/wp-json\/wp\/v2\/product_cat?post=914"},{"taxonomy":"product_tag","embeddable":true,"href":"https:\/\/klenart.click.si\/it\/wp-json\/wp\/v2\/product_tag?post=914"}],"curies":[{"name":"wp","href":"https:\/\/api.w.org\/{rel}","templated":true}]}}