{"id":190,"date":"2025-08-08T10:20:05","date_gmt":"2025-08-08T08:20:05","guid":{"rendered":"https:\/\/klenart.click.si\/?post_type=product&#038;p=190"},"modified":"2025-08-26T14:19:15","modified_gmt":"2025-08-26T12:19:15","slug":"cabernet-sauvignon-vinja-2020","status":"publish","type":"product","link":"https:\/\/klenart.click.si\/it\/prodotto\/cabernet-sauvignon-vinja-2020\/","title":{"rendered":"Cabernet Sauvignon Vinja 2020"},"content":{"rendered":"<div class=\"wpb_text_column wpb_content_element\">\n<div class=\"wpb_wrapper\">\n<p>Piacevole variet\u00e0 che unisce all\u2019eleganza e la completezza dei vini merlot, cabernet franc e refosco, l\u2019eccellenza austera del cabernet sauvignon.<\/p>\n<p>Vino rosso particolarmente ricco, dal caratteristico colore rubino con sfumature tendenti al mattone. Il profumo richiama quello dei fiori sbocciati. Ricorda i frutti di bosco, le spezie intense, la menta e i tartufi sullo sfondo. Il sapore scopre un corpo intenso e pieno. I tannini raffinati lievemente amabili aprono ad un retrogusto persistente e brioso. Un tocco di particolare raffinatezza viene dato dal refosco.<\/p>\n<\/div>\n<\/div>\n<div class=\"separator  transparent\"><\/div>\n<div class=\"wpb_text_column wpb_content_element\">\n<div class=\"wpb_wrapper\">\n<p><em><b>UVE:\u00a0<\/b><\/em><em>Cabernet sauvignon (85%), Cabernet franc (5%), Merlot (5%), Refosco (5%).\u00a0<\/em><em>Coltivazione a uno sperone.<\/em><\/p>\n<p><em><b>VENDEMMIA:<\/b>\u00a0Inizio ottobre<\/em><\/p>\n<p><em><b>VINIFICAZIONE:\u00a0<\/b><\/em><em>Fermentazione in vinificatori, 15 giorni a contatto con le bucce, 12 mesi di maturazione in botti di legno fino all\u2019imbottigliamento.<\/em><\/p>\n<p><em><b>ABBINAMENTI:<\/b><\/em><em>\u00a0Vino straordinario che si presta alla cucina creativa: ama giocare con salse, carni preparate in modo delicato, ideale con i tartufi. Nella cucina tradizionale ai abbina perfettamente alle carni rosse e ai formaggi piccanti come il gorgonzola e roquefort.<\/em><\/p>\n<p><em><b>SERVIRE A TEMPERATURA:<\/b>\u00a0 16-18\u00b0C<\/em><\/p>\n<p><b>Vino DOC, 750 ml<\/b><\/p>\n<\/div>\n<\/div>","protected":false},"excerpt":{"rendered":"<p>Prijetna zvrst, ki zdru\u017euje eleganco in zaokro\u017eenost merlota, cabernet franca in refo\u0161ka ter odli\u010dnost in drznost cabernet sauvignona. Izredno bogato rde\u010de vino, ki ga odlikuje polna rubinasto rde\u010da barva z globinskimi odtenki, ki prehaja v ope\u010dnato. V vonju \u010dutimo cvetico v polnem razvoju, spominja na gozdne sade\u017ee, izrazite za\u010dimbe, ter v ozadju vonj po meti [&hellip;]<\/p>","protected":false},"featured_media":191,"template":"","meta":{"_acf_changed":false,"inline_featured_image":false},"product_brand":[],"product_cat":[20],"product_tag":[],"class_list":{"0":"post-190","1":"product","2":"type-product","3":"status-publish","4":"has-post-thumbnail","6":"product_cat-klasicna-ponudba","8":"first","9":"instock","10":"taxable","11":"shipping-taxable","12":"purchasable","13":"product-type-simple"},"acf":[],"_links":{"self":[{"href":"https:\/\/klenart.click.si\/it\/wp-json\/wp\/v2\/product\/190","targetHints":{"allow":["GET"]}}],"collection":[{"href":"https:\/\/klenart.click.si\/it\/wp-json\/wp\/v2\/product"}],"about":[{"href":"https:\/\/klenart.click.si\/it\/wp-json\/wp\/v2\/types\/product"}],"wp:featuredmedia":[{"embeddable":true,"href":"https:\/\/klenart.click.si\/it\/wp-json\/wp\/v2\/media\/191"}],"wp:attachment":[{"href":"https:\/\/klenart.click.si\/it\/wp-json\/wp\/v2\/media?parent=190"}],"wp:term":[{"taxonomy":"product_brand","embeddable":true,"href":"https:\/\/klenart.click.si\/it\/wp-json\/wp\/v2\/product_brand?post=190"},{"taxonomy":"product_cat","embeddable":true,"href":"https:\/\/klenart.click.si\/it\/wp-json\/wp\/v2\/product_cat?post=190"},{"taxonomy":"product_tag","embeddable":true,"href":"https:\/\/klenart.click.si\/it\/wp-json\/wp\/v2\/product_tag?post=190"}],"curies":[{"name":"wp","href":"https:\/\/api.w.org\/{rel}","templated":true}]}}