{"id":968,"date":"2025-08-28T09:46:56","date_gmt":"2025-08-28T07:46:56","guid":{"rendered":"https:\/\/klenart.click.si\/?page_id=968"},"modified":"2025-08-28T10:01:36","modified_gmt":"2025-08-28T08:01:36","slug":"pravno-obvestilo","status":"publish","type":"page","link":"https:\/\/klenart.click.si\/it\/pravno-obvestilo\/","title":{"rendered":"Avviso legale"},"content":{"rendered":"<div data-elementor-type=\"wp-page\" data-elementor-id=\"968\" class=\"elementor elementor-968\" data-elementor-post-type=\"page\">\n\t\t\t\t<div class=\"elementor-element elementor-element-a96d707 e-flex e-con-boxed e-con e-parent\" data-id=\"a96d707\" data-element_type=\"container\">\n\t\t\t\t\t<div class=\"e-con-inner\">\n\t\t\t\t<div class=\"elementor-element elementor-element-0384738 elementor-widget elementor-widget-text-editor\" data-id=\"0384738\" data-element_type=\"widget\" data-widget_type=\"text-editor.default\">\n\t\t\t\t\t\t\t\t\t<h2>Za\u0161\u010dita pravic<\/h2><p>Predmet tega obvestila so spletne strani na naslovu\u00a0<span style=\"text-decoration: underline;\"><a href=\"https:\/\/klenart.si\/\" target=\"_blank\" rel=\"noopener\">klenart.si<\/a><\/span>.<\/p><p>Vse vsebine na teh spletnih straneh so last <strong>Posestva Klenar<\/strong>\u00a0in so informativne narave.<\/p><p>V <strong>Posestvu Klenar<\/strong>\u00a0smo na\u0161e spletno mesto oblikovali z namenom omogo\u010diti splo\u0161ne informacije o podjetju in novice iz poslovnega sveta.<\/p><p>Vstop v katerokoli podro\u010dje spletnega mesta\u00a0<strong>Klen&#8217;art<\/strong>\u00a0pomeni, da se strinjate z vsemi omejitvami in pogoji, navedenimi tukaj. \u010ce se z njimi ne strinjate, vas prosimo, da na te strani ne vstopate. Priporo\u010damo vam, da ob\u010dasno obi\u0161\u010dete na\u0161o stran in znova pregledate veljavno Pravno obvestilo, saj vas obvezuje.<\/p><p>Uradne, pravno-formalne informacije o podjetju ter o poslovanju podjetja se lahko razlikujejo od informacij na spletnem mestu podjetja.<\/p><h2>Omejitev odgovornosti<\/h2><p><strong>Posestvo Klenar <\/strong>se bo po najbolj\u0161ih mo\u010deh trudilo zagotavljati najbolj to\u010dne in najnovej\u0161e podatke na svojih straneh, vendar uporabnike spletnih strani opozarja, da so besedila informativnega zna\u010daja, zato ne jam\u010di in ne prevzema nobene odgovornosti za njihovo to\u010dnost in celovitost strani. Vsi obiskovalci objavljeno vsebino uporabljajo na lastno odgovornost. <strong>Posestvo Klenar<\/strong>\u00a0si pridr\u017euje pravico, da kadarkoli, brez obvestila spremeni, dodaja ali odstrani vsebino teh spletnih strani.<\/p><p>Niti <strong>Posestvo Klenar<\/strong>\u00a0niti katerakoli druga pravna ali fizi\u010dna oseba, ki je sodelovala pri nastanku in izdelavi teh spletnih strani, ni odgovorna za ob\u010dasno nedelovanje strani, za morebitno neto\u010dnost informacij in tudi ne za morebitno \u0161kodo, nastalo zaradi uporabe neto\u010dnih ali nepopolnih informacij, zato ne odgovarja za nobeno \u0161kodo ali neprijetnosti, ki bi izhajale iz obstoja spletnih strani, iz dostopa do in\/ali uporabe in\/ali nezmo\u017enosti uporabe informacij na teh spletnih straneh in\/ali za kakr\u0161nekoli napake ali pomanjkljivosti v njihovi vsebini, ne glede na to, ali so bili obve\u0161\u010deni o mo\u017enosti take \u0161kode.<\/p><p>Na spletni strani agraria-koper.si obstajajo tudi povezave na druge spletne strani, reference, partnerji, ki niso v nikakr\u0161ni povezavi s <strong>Posestvom Klenar<\/strong><strong>.<\/strong> <strong>Posestvo Klenar <\/strong>ne jam\u010di in tudi ne prejema ali posreduje prito\u017ebe glede to\u010dnosti vsebin katerekoli spletne strani, za katero nudi povezavo ali referenco ter ne odgovarja za spo\u0161tovanje zasebnosti na teh spletnih straneh.<\/p><h2><strong><br \/><\/strong>Avtorske pravice<\/h2><p>Vse informacije in podobe, objavljene na spletnem mestu (besedila, fotografije, skice, zemljevidi in na\u010drti, ra\u010dunalni\u0161ki programi) so predmet avtorske za\u0161\u010dite po Zakonu o avtorski in sorodnih pravicah (Uradni list RS, \u0161t. 21\/1995 s spremembami). <strong>Posestvo Klenar<\/strong><strong>\u00a0<\/strong>je imetnik materialnih avtorskih pravic nad avtorskimi vsebinami v naj\u0161ir\u0161em pomenu (grafi\u010dnimi elementi, fotografijami, ilustracijami oz. drugimi predstavitvami besedila), objavljenimi na spletni strani. To pomeni, da je brez pisnega dovoljenja KZA prepovedano vsakr\u0161no kopiranje, prepisovanje, razmno\u017eevanje in kakr\u0161no koli raz\u0161irjanje v komercialne namene.<br \/>Z ZASP je izjemoma dovoljena uporaba oz. reproduciranje avtorskih del na podlagi pravice javnosti do obve\u0161\u010denosti, v izobra\u017eevalne namene ter za ponazoritev, soo\u010denje in napotitev v citatni obliki, vendar je pri tem obvezno navesti vir in avtorstvo dela. Prav tako sta dovoljena tudi uporaba in reproduciranje avtorskega dela v omejenem \u0161tevilu za zasebno, nekomercialno uporabo.<\/p><p>Na vsaki reprodukciji (kopiranje, reprodukcija, objava, prenos) mora biti kot vir navedeno <strong>Posestvo Klenar<\/strong>.<\/p><p><strong>Posestvo Klenar<\/strong> si pridr\u017euje pravico, da kadarkoli in kakorkoli, delno ali v celoti spremeni, dodaja ali odstrani vsebine, objavljene na tej spletni strani, ne glede na razlog ter brez predhodnega opozorila. Vsi uporabniki vso objavljeno vsebino uporabljajo na lastno odgovornost.<\/p><h2><strong><br \/><\/strong>Varstvo osebnih podatkov<\/h2><p><strong>Posestvo Klenar<\/strong> se zavezuje, da bo varovalo osebne podatke uporabnikov spletnega mesta. Zbrane podatke bomo uporabili izklju\u010dno za izbolj\u0161anje uporabe spletnega mesta. Osebnih podatkov in kontaktnih informacij ne bomo uporabljali za druge namene ter jih ne bomo brez izrecnega dovoljenja uporabnika spletnega mesta razkrili tretjim strankam. Storili bomo vse, da va\u0161e osebne podatke za\u0161\u010ditimo pred kakr\u0161nimikoli kr\u0161itvami in zlorabami.<\/p>\t\t\t\t\t\t\t\t<\/div>\n\t\t\t\t\t<\/div>\n\t\t\t\t<\/div>\n\t\t\t\t<\/div>","protected":false},"excerpt":{"rendered":"<p>Za\u0161\u010dita pravic Predmet tega obvestila so spletne strani na naslovu\u00a0klenart.si. Vse vsebine na teh spletnih straneh so last Posestva Klenar\u00a0in so informativne narave. V Posestvu Klenar\u00a0smo na\u0161e spletno mesto oblikovali z namenom omogo\u010diti splo\u0161ne informacije o podjetju in novice iz poslovnega sveta. Vstop v katerokoli podro\u010dje spletnega mesta\u00a0Klen&#8217;art\u00a0pomeni, da se strinjate z vsemi omejitvami in [&hellip;]<\/p>","protected":false},"author":1,"featured_media":0,"parent":0,"menu_order":0,"comment_status":"closed","ping_status":"closed","template":"","meta":{"_acf_changed":false,"inline_featured_image":false,"footnotes":""},"class_list":["post-968","page","type-page","status-publish","hentry"],"acf":[],"_links":{"self":[{"href":"https:\/\/klenart.click.si\/it\/wp-json\/wp\/v2\/pages\/968","targetHints":{"allow":["GET"]}}],"collection":[{"href":"https:\/\/klenart.click.si\/it\/wp-json\/wp\/v2\/pages"}],"about":[{"href":"https:\/\/klenart.click.si\/it\/wp-json\/wp\/v2\/types\/page"}],"author":[{"embeddable":true,"href":"https:\/\/klenart.click.si\/it\/wp-json\/wp\/v2\/users\/1"}],"replies":[{"embeddable":true,"href":"https:\/\/klenart.click.si\/it\/wp-json\/wp\/v2\/comments?post=968"}],"version-history":[{"count":7,"href":"https:\/\/klenart.click.si\/it\/wp-json\/wp\/v2\/pages\/968\/revisions"}],"predecessor-version":[{"id":977,"href":"https:\/\/klenart.click.si\/it\/wp-json\/wp\/v2\/pages\/968\/revisions\/977"}],"wp:attachment":[{"href":"https:\/\/klenart.click.si\/it\/wp-json\/wp\/v2\/media?parent=968"}],"curies":[{"name":"wp","href":"https:\/\/api.w.org\/{rel}","templated":true}]}}