{"id":10,"date":"2025-07-23T11:45:17","date_gmt":"2025-07-23T11:45:17","guid":{"rendered":"https:\/\/klenart.click.si\/cart\/"},"modified":"2025-08-26T13:22:17","modified_gmt":"2025-08-26T11:22:17","slug":"kosarica","status":"publish","type":"page","link":"https:\/\/klenart.click.si\/it\/kosarica\/","title":{"rendered":"Carrello"},"content":{"rendered":"<div data-elementor-type=\"wp-page\" data-elementor-id=\"10\" class=\"elementor elementor-10\" data-elementor-post-type=\"page\">\n\t\t\t\t<div class=\"elementor-element elementor-element-a505d79 e-flex e-con-boxed e-con e-parent\" data-id=\"a505d79\" data-element_type=\"container\">\n\t\t\t\t\t<div class=\"e-con-inner\">\n\t\t\t\t\t<\/div>\n\t\t\t\t<\/div>\n\t\t<div class=\"elementor-element elementor-element-2efae00 e-flex e-con-boxed e-con e-parent\" data-id=\"2efae00\" data-element_type=\"container\">\n\t\t\t\t\t<div class=\"e-con-inner\">\n\t\t\t\t<div class=\"elementor-element elementor-element-b4ba707 e-cart-layout-two-column elementor-widget elementor-widget-woocommerce-cart\" data-id=\"b4ba707\" data-element_type=\"widget\" data-settings=\"{&quot;update_cart_automatically&quot;:&quot;yes&quot;}\" data-widget_type=\"woocommerce-cart.default\">\n\t\t\t\t<div class=\"elementor-widget-container\">\n\t\t\t\t\t<div class=\"woocommerce\"><div class=\"woocommerce-notices-wrapper\"><\/div><div class=\"wc-empty-cart-message\">\n\t<div class=\"cart-empty woocommerce-info\" role=\"status\">\n\t\tIl tuo carrello \u00e8 vuoto.\t<\/div>\n<\/div>\t<p class=\"return-to-shop\">\n\t\t<a class=\"button wc-backward\" href=\"https:\/\/klenart.click.si\/it\/nasa-vina\/\">\n\t\t\tRitorna al negozio\t\t<\/a>\n\t<\/p>\n<\/div>\t\t\t\t<\/div>\n\t\t\t\t<\/div>\n\t\t\t\t\t<\/div>\n\t\t\t\t<\/div>\n\t\t\t\t<\/div>","protected":false},"excerpt":{"rendered":"<p>Odstrani predmet Predogledna sli\u010dica Izdelek Cena Koli\u010dina Delni znesek &times; Red Istras Refo\u0161k 2021 15,00&nbsp;&euro; Red Istras Refo\u0161k 2021 koli\u010dina 15,00&nbsp;&euro; Znesek ko\u0161arice Delni znesek 15,00&nbsp;&euro; Znesek 15,00&nbsp;&euro; Zaklju\u010dek nakupa<\/p>","protected":false},"author":1,"featured_media":0,"parent":0,"menu_order":0,"comment_status":"closed","ping_status":"closed","template":"","meta":{"_acf_changed":false,"inline_featured_image":false,"footnotes":""},"class_list":["post-10","page","type-page","status-publish","hentry"],"acf":[],"_links":{"self":[{"href":"https:\/\/klenart.click.si\/it\/wp-json\/wp\/v2\/pages\/10","targetHints":{"allow":["GET"]}}],"collection":[{"href":"https:\/\/klenart.click.si\/it\/wp-json\/wp\/v2\/pages"}],"about":[{"href":"https:\/\/klenart.click.si\/it\/wp-json\/wp\/v2\/types\/page"}],"author":[{"embeddable":true,"href":"https:\/\/klenart.click.si\/it\/wp-json\/wp\/v2\/users\/1"}],"replies":[{"embeddable":true,"href":"https:\/\/klenart.click.si\/it\/wp-json\/wp\/v2\/comments?post=10"}],"version-history":[{"count":36,"href":"https:\/\/klenart.click.si\/it\/wp-json\/wp\/v2\/pages\/10\/revisions"}],"predecessor-version":[{"id":887,"href":"https:\/\/klenart.click.si\/it\/wp-json\/wp\/v2\/pages\/10\/revisions\/887"}],"wp:attachment":[{"href":"https:\/\/klenart.click.si\/it\/wp-json\/wp\/v2\/media?parent=10"}],"curies":[{"name":"wp","href":"https:\/\/api.w.org\/{rel}","templated":true}]}}