{"id":914,"date":"2025-08-26T14:20:38","date_gmt":"2025-08-26T12:20:38","guid":{"rendered":"https:\/\/klenart.click.si\/?post_type=product&#038;p=914"},"modified":"2025-08-26T14:21:24","modified_gmt":"2025-08-26T12:21:24","slug":"modri-pinot","status":"publish","type":"product","link":"https:\/\/klenart.click.si\/en\/product\/modri-pinot\/","title":{"rendered":"Pinot Noir"},"content":{"rendered":"<div class=\"wpb_text_column wpb_content_element\">\n<div class=\"wpb_wrapper\">\n<div class=\"wpb_text_column wpb_content_element\">\n<div class=\"wpb_wrapper\">\n<p>Stylish, dry red wine, characterized by a delicate, rugged red color. The wine makes a strong impression in taste and memory. The wine is very fruitful at some point, it resembles cherries, then we detect mulberry and mature tomatoes and some spices, for example, rosemary and cinnamon, and in the background, the floral aromas of rose and purple. It is tasty with fresh fruit, but serious texture and long delicacy gently. Tannins are silky, velvety and wearable, positively affecting health.<\/p>\n<\/div>\n<\/div>\n<div class=\"separator  transparent\"><\/div>\n<div class=\"wpb_text_column wpb_content_element\">\n<div class=\"wpb_wrapper\">\n<p><em><b>SELECTION OF VARIETIES: \u00a0<\/b><\/em><em>Pinot Noir 100%, cultivation on a spur.<\/em><\/p>\n<p><em><b>HARVEST:<\/b>\u00a0 End of August<\/em><\/p>\n<p><em><b>VINIFICATION:\u00a0<\/b><\/em><em>Fermentation with cinnizers, 15 days skin contact. 24-month maturation in wooden barrels until bottling.<\/em><\/p>\n<p><em><b>FOOD PAIRING:\u00a0<\/b><\/em><em>With its elegance, it simply adds ready-made beef in all ways, chicken meat, mushroom dishes, grilled fish and a variety of cheeses. Wine can be an ingredient of sauce.<\/em><\/p>\n<p><em><b>SERVING TEMPERATURE:\u00a0\u00a0<\/b>16-18\u00b0C<\/em><\/p>\n<p><b>Premium quality wine ZGP, 750 ml<\/b><\/p>\n<\/div>\n<\/div>\n<\/div>\n<\/div>","protected":false},"excerpt":{"rendered":"<p>Elegantno suho rde\u010de vino, ki ga odlikuje ne\u017ena ope\u010danto rde\u010da barva. Vino naredi mo\u010dan vtis v okusu in spominu. Vino je v nekem trenutku zelo sadno, okus spominja na \u010de\u0161nje, nato zaznamo murvo in zrel paradi\u017enik ter nekatere za\u010dimbe, npr. ro\u017emarin in cimet, v ozadju pa cvetli\u010dne vonje vrtnice in vijolice. V okusu je s [&hellip;]<\/p>","protected":false},"featured_media":915,"template":"","meta":{"_acf_changed":false,"inline_featured_image":false},"product_brand":[],"product_cat":[20],"product_tag":[],"class_list":{"0":"post-914","1":"product","2":"type-product","3":"status-publish","4":"has-post-thumbnail","6":"product_cat-klasicna-ponudba","8":"first","9":"instock","10":"taxable","11":"shipping-taxable","12":"purchasable","13":"product-type-simple"},"acf":[],"_links":{"self":[{"href":"https:\/\/klenart.click.si\/en\/wp-json\/wp\/v2\/product\/914","targetHints":{"allow":["GET"]}}],"collection":[{"href":"https:\/\/klenart.click.si\/en\/wp-json\/wp\/v2\/product"}],"about":[{"href":"https:\/\/klenart.click.si\/en\/wp-json\/wp\/v2\/types\/product"}],"wp:featuredmedia":[{"embeddable":true,"href":"https:\/\/klenart.click.si\/en\/wp-json\/wp\/v2\/media\/915"}],"wp:attachment":[{"href":"https:\/\/klenart.click.si\/en\/wp-json\/wp\/v2\/media?parent=914"}],"wp:term":[{"taxonomy":"product_brand","embeddable":true,"href":"https:\/\/klenart.click.si\/en\/wp-json\/wp\/v2\/product_brand?post=914"},{"taxonomy":"product_cat","embeddable":true,"href":"https:\/\/klenart.click.si\/en\/wp-json\/wp\/v2\/product_cat?post=914"},{"taxonomy":"product_tag","embeddable":true,"href":"https:\/\/klenart.click.si\/en\/wp-json\/wp\/v2\/product_tag?post=914"}],"curies":[{"name":"wp","href":"https:\/\/api.w.org\/{rel}","templated":true}]}}