{"id":190,"date":"2025-08-08T10:20:05","date_gmt":"2025-08-08T08:20:05","guid":{"rendered":"https:\/\/klenart.click.si\/?post_type=product&#038;p=190"},"modified":"2025-08-26T14:19:15","modified_gmt":"2025-08-26T12:19:15","slug":"cabernet-sauvignon-vinja-2020","status":"publish","type":"product","link":"https:\/\/klenart.click.si\/en\/product\/cabernet-sauvignon-vinja-2020\/","title":{"rendered":"Cabernet Sauvignon Vinja 2020"},"content":{"rendered":"<div class=\"wpb_text_column wpb_content_element\">\n<div class=\"wpb_wrapper\">\n<p>Pleasant variety combining elegance and roundness of merlot, cabernet franca and refocka, and the excellence and bustle of cabernet sauvignon.<\/p>\n<p>Extremely rich red wine, characterized by a full ruby red color with deep shades that passes into a brick. In the smell we feel the flower in full development, reminiscent of forest fruits, expressions of spices, and the smell of mint and truffles in the background. In taste, the wine is presented with a distinctive and full body. It reveals sweet and elegant tannins that take us into a very long and temperamental pointer. Excellent durability and elegance gives him a refosco variety.<\/p>\n<\/div>\n<\/div>\n<div class=\"separator  transparent\"><\/div>\n<div class=\"wpb_text_column wpb_content_element\">\n<div class=\"wpb_wrapper\">\n<p><em><b>SELECTION OF VARIETIES:\u00a0<\/b><\/em><em>Cabernet sauvignon (85%), Cabernet franc (5%), Merlot (5%), Refo\u0161k (5%).\u00a0<\/em><em>One spur cultivation.<\/em><\/p>\n<p><em><b>HARVEST:<\/b>\u00a0Beginning of October<\/em><\/p>\n<p><em><b>VINIFICATION:\u00a0<\/b><\/em><em>Fermentation in vinifiers, 15 days skin contact. 12-month maturation in wooden barrels, until bottling<\/em><\/p>\n<p><em><b>FOOD PAIRING:<\/b><\/em><em>\u00a0An exceptional wine for a creative kitchen that plays with sauces, gentle meat and truffles. In traditional cuisine, the wine is perfectly complemented by red meat and spicy cheeses, such as gorgonzola and roquefort.<\/em><\/p>\n<p><em><b>SERVING TEMPERATURE:<\/b>\u00a0 16-18\u00b0C<\/em><\/p>\n<p><b>Premium quality wine ZGP, 750 ml<\/b><\/p>\n<\/div>\n<\/div>","protected":false},"excerpt":{"rendered":"<p>Prijetna zvrst, ki zdru\u017euje eleganco in zaokro\u017eenost merlota, cabernet franca in refo\u0161ka ter odli\u010dnost in drznost cabernet sauvignona. Izredno bogato rde\u010de vino, ki ga odlikuje polna rubinasto rde\u010da barva z globinskimi odtenki, ki prehaja v ope\u010dnato. V vonju \u010dutimo cvetico v polnem razvoju, spominja na gozdne sade\u017ee, izrazite za\u010dimbe, ter v ozadju vonj po meti [&hellip;]<\/p>","protected":false},"featured_media":191,"template":"","meta":{"_acf_changed":false,"inline_featured_image":false},"product_brand":[],"product_cat":[20],"product_tag":[],"class_list":{"0":"post-190","1":"product","2":"type-product","3":"status-publish","4":"has-post-thumbnail","6":"product_cat-klasicna-ponudba","8":"first","9":"instock","10":"taxable","11":"shipping-taxable","12":"purchasable","13":"product-type-simple"},"acf":[],"_links":{"self":[{"href":"https:\/\/klenart.click.si\/en\/wp-json\/wp\/v2\/product\/190","targetHints":{"allow":["GET"]}}],"collection":[{"href":"https:\/\/klenart.click.si\/en\/wp-json\/wp\/v2\/product"}],"about":[{"href":"https:\/\/klenart.click.si\/en\/wp-json\/wp\/v2\/types\/product"}],"wp:featuredmedia":[{"embeddable":true,"href":"https:\/\/klenart.click.si\/en\/wp-json\/wp\/v2\/media\/191"}],"wp:attachment":[{"href":"https:\/\/klenart.click.si\/en\/wp-json\/wp\/v2\/media?parent=190"}],"wp:term":[{"taxonomy":"product_brand","embeddable":true,"href":"https:\/\/klenart.click.si\/en\/wp-json\/wp\/v2\/product_brand?post=190"},{"taxonomy":"product_cat","embeddable":true,"href":"https:\/\/klenart.click.si\/en\/wp-json\/wp\/v2\/product_cat?post=190"},{"taxonomy":"product_tag","embeddable":true,"href":"https:\/\/klenart.click.si\/en\/wp-json\/wp\/v2\/product_tag?post=190"}],"curies":[{"name":"wp","href":"https:\/\/api.w.org\/{rel}","templated":true}]}}