{"id":13,"date":"2025-08-28T10:04:10","date_gmt":"2025-08-28T08:04:10","guid":{"rendered":"https:\/\/klenart.click.si\/?page_id=13"},"modified":"2025-08-28T10:07:31","modified_gmt":"2025-08-28T08:07:31","slug":"vracila","status":"publish","type":"page","link":"https:\/\/klenart.click.si\/en\/vracila\/","title":{"rendered":"Returns"},"content":{"rendered":"<div data-elementor-type=\"wp-page\" data-elementor-id=\"13\" class=\"elementor elementor-13\" data-elementor-post-type=\"page\">\n\t\t\t\t<div class=\"elementor-element elementor-element-3edea10 e-flex e-con-boxed e-con e-parent\" data-id=\"3edea10\" data-element_type=\"container\">\n\t\t\t\t\t<div class=\"e-con-inner\">\n\t\t\t\t<div class=\"elementor-element elementor-element-75ed469 elementor-widget elementor-widget-text-editor\" data-id=\"75ed469\" data-element_type=\"widget\" data-widget_type=\"text-editor.default\">\n\t\t\t\t\t\t\t\t\t<p>Kupec ima pravico, da v 14 dneh od prevzema blaga ponudniku sporo\u010di (na kontaktni e-naslov <a href=\"mailto:info@klenart.si\"><span style=\"text-decoration: underline;\">info@klenart.si<\/span><\/a>), da odstopa od pogodbe, ne da bi mu bilo treba navesti razlog za svojo odlo\u010ditev. Edini stro\u0161ek, ki bremeni kupca v zvezi z odstopom od pogodbe, je stro\u0161ek vra\u010dila blaga. Blago je potrebno vrniti prodajalcu najkasneje v roku 30 dni od oddanega sporo\u010dila o odstopu od pogodbe (nakupa).<\/p><p>Prejeto blago mora vrniti nepo\u0161kodovano in v nespremenjeni koli\u010dini, razen \u010de je blago uni\u010deno, pokvarjeno, izgubljeno ali se je njegova koli\u010dina zmanj\u0161ala, ne da bi bil za to kriv potro\u0161nik.<\/p><p>Vra\u010dilo vpla\u010dil bo izvedeno takoj, ko je to mogo\u010de, najkasneje pa v roku 30 dni od prejema sporo\u010dila o odstopu od pogodbe. Vra\u010dilo kupnine se naka\u017ee na transakcijski (osebni) ra\u010dun kupca, ki ga sporo\u010di v obvestilu o vra\u010dilu blaga.<\/p><p>Vrnitev prejetega blaga ponudniku v roku za odstop od pogodbe se \u0161teje za sporo\u010dilo o odstopu od pogodbe.<\/p><p>Blago se vrne ponudniku na naslov:<\/p><p><em>Posestvo Klenar <\/em><br \/><em>Aleksander Klenar <\/em><br \/><em>Plavje 55A 6281 \u0160kofije<\/em><\/p>\t\t\t\t\t\t\t\t<\/div>\n\t\t\t\t\t<\/div>\n\t\t\t\t<\/div>\n\t\t\t\t<\/div>","protected":false},"excerpt":{"rendered":"<p>Kupec ima pravico, da v 14 dneh od prevzema blaga ponudniku sporo\u010di (na kontaktni e-naslov info@klenart.si), da odstopa od pogodbe, ne da bi mu bilo treba navesti razlog za svojo odlo\u010ditev. Edini stro\u0161ek, ki bremeni kupca v zvezi z odstopom od pogodbe, je stro\u0161ek vra\u010dila blaga. Blago je potrebno vrniti prodajalcu najkasneje v roku 30 [&hellip;]<\/p>","protected":false},"author":1,"featured_media":0,"parent":0,"menu_order":0,"comment_status":"closed","ping_status":"closed","template":"","meta":{"_acf_changed":false,"inline_featured_image":false,"footnotes":""},"class_list":["post-13","page","type-page","status-publish","hentry"],"acf":[],"_links":{"self":[{"href":"https:\/\/klenart.click.si\/en\/wp-json\/wp\/v2\/pages\/13","targetHints":{"allow":["GET"]}}],"collection":[{"href":"https:\/\/klenart.click.si\/en\/wp-json\/wp\/v2\/pages"}],"about":[{"href":"https:\/\/klenart.click.si\/en\/wp-json\/wp\/v2\/types\/page"}],"author":[{"embeddable":true,"href":"https:\/\/klenart.click.si\/en\/wp-json\/wp\/v2\/users\/1"}],"replies":[{"embeddable":true,"href":"https:\/\/klenart.click.si\/en\/wp-json\/wp\/v2\/comments?post=13"}],"version-history":[{"count":5,"href":"https:\/\/klenart.click.si\/en\/wp-json\/wp\/v2\/pages\/13\/revisions"}],"predecessor-version":[{"id":981,"href":"https:\/\/klenart.click.si\/en\/wp-json\/wp\/v2\/pages\/13\/revisions\/981"}],"wp:attachment":[{"href":"https:\/\/klenart.click.si\/en\/wp-json\/wp\/v2\/media?parent=13"}],"curies":[{"name":"wp","href":"https:\/\/api.w.org\/{rel}","templated":true}]}}